{"id":1372,"date":"2025-12-09T20:15:56","date_gmt":"2025-12-09T20:15:56","guid":{"rendered":"https:\/\/cash-garden.com\/?post_type=product&#038;p=1372"},"modified":"2026-02-06T18:28:55","modified_gmt":"2026-02-06T18:28:55","slug":"gt-boi-skimmer-combo","status":"publish","type":"product","link":"https:\/\/cash-garden.com\/fr\/produit\/gt-boi-skimmer-combo\/","title":{"rendered":"GT BOI et son Skimmer de surface"},"content":{"rendered":"<h1 data-start=\"120\" data-end=\"217\"><strong data-start=\"122\" data-end=\"217\">GT BOI &amp; son Skimmer de surface : Le duo ultime pour un nettoyage de piscine sans fil et sans effort sign\u00e9 Cash Garden.<\/strong><\/h1>\n<p data-start=\"219\" data-end=\"508\">Dites au revoir aux c\u00e2bles emm\u00eal\u00e9s, \u00e0 l'\u00e9puisette et aux heures pass\u00e9es \u00e0 entretenir votre piscine. Cash Garden pr\u00e9sente <strong data-start=\"304\" data-end=\"314\">GT BOI<\/strong>, le robot de piscine intelligent et sans fil, maintenant associ\u00e9 \u00e0 son <strong data-start=\"392\" data-end=\"410\">Skimmer de surface GT BOI<\/strong>, son acolyte qui nettoie la surface de l'eau pendant que lui s'occupe du fond et des parois.<\/p>\n<hr data-start=\"510\" data-end=\"513\" \/>\n<h2 data-start=\"515\" data-end=\"585\">\ud83d\udca7 <strong data-start=\"521\" data-end=\"585\">GT BOI &amp; son Skimmer de surface : enfin une solution intelligente et 2 en 1 pour un nettoyage complet de votre piscine.<\/strong><\/h2>\n<p data-start=\"587\" data-end=\"866\">GT BOI utilise un sch\u00e9ma de navigation intelligent unique pour nettoyer le sol, les murs et la ligne d\u2019eau de votre piscine avec une pr\u00e9cision exceptionnelle.<br data-start=\"704\" data-end=\"707\" \/>Avec le <strong data-start=\"716\" data-end=\"734\">Skimmer de surface GT BOI<\/strong>, les feuilles flottantes, la poussi\u00e8re, les insectes et les d\u00e9bris de surface sont continuellement collect\u00e9s, assurant une surface d\u2019eau impeccable toute la journ\u00e9e.<\/p>\n<p data-start=\"868\" data-end=\"982\">Ensemble, <strong data-start=\"878\" data-end=\"905\">GT BOI + GT BOI Skimmer<\/strong> cr\u00e9ent la solution de nettoyage de piscine la plus compl\u00e8te et automatis\u00e9e du march\u00e9.<\/p>\n<hr data-start=\"984\" data-end=\"987\" \/>\n<h2 data-start=\"989\" data-end=\"1021\">\ud83d\udcf1 <strong data-start=\"995\" data-end=\"1021\">Pilotage facile depuis l'application mobile ou la t\u00e9l\u00e9commande<\/strong><\/h2>\n<p data-start=\"1023\" data-end=\"1202\">Control both GT BOI and the GT BOI Skimmer through the <strong data-start=\"1078\" data-end=\"1104\">d\u00e9di\u00e9e au GT BOI<\/strong>.<br data-start=\"1105\" data-end=\"1108\" \/>Schedule cleanings, activate modes, check battery levels, and receive alerts\u2014all in one place.<\/p>\n<hr data-start=\"1204\" data-end=\"1207\" \/>\n<h2 data-start=\"1209\" data-end=\"1254\">\ud83c\udf00 <strong data-start=\"1215\" data-end=\"1254\">Sans Fil, L\u00e9ger et Sans Contrainte<\/strong><\/h2>\n<p data-start=\"1256\" data-end=\"1454\">Both GT BOI and GT BOI Skimmer operate <strong data-start=\"1295\" data-end=\"1314\">simultan\u00e9ment<\/strong>, allowing maximum movement and zero cable issues.<br data-start=\"1364\" data-end=\"1367\" \/>Just charge, place them in the pool, and let them work together for immaculate results.<\/p>\n<hr data-start=\"1456\" data-end=\"1459\" \/>\n<h2 data-start=\"1461\" data-end=\"1504\">\ud83c\udf3f <strong data-start=\"1467\" data-end=\"1504\">\u00c9cologique et \u00c9co \u00e9nerg\u00e9tique<\/strong><\/h2>\n<p data-start=\"1506\" data-end=\"1674\">Engineered with efficient motors and smart cleaning cycles, GT BOI and the GT BOI Skimmer deliver powerful cleaning performance while keeping energy use remarkably low.<\/p>\n<hr data-start=\"1676\" data-end=\"1679\" \/>\n<h2 data-start=\"1681\" data-end=\"1717\">\ud83c\udfe1 <strong data-start=\"1687\" data-end=\"1717\">Parfait pour tous les types de piscine<\/strong><\/h2>\n<p data-start=\"1719\" data-end=\"1873\">Whether for a private pool, hotel, villa, or wellness facility, the <strong data-start=\"1787\" data-end=\"1814\">GT BOI + GT BOI Skimmer<\/strong> combo adapts effortlessly to all pool shapes and surfaces.<\/p>\n<hr data-start=\"1875\" data-end=\"1878\" \/>\n<h2 data-start=\"1880\" data-end=\"1929\">\ud83c\udfa5 <strong data-start=\"1886\" data-end=\"1929\">Regardez GT BOI + GT BOI Skimmer en action<\/strong><\/h2>\n<p data-start=\"1931\" data-end=\"2002\">D\u00e9couvrez l\u2019avenir du nettoyage de piscine enti\u00e8rement automatis\u00e9e sign\u00e9 Cash Garden.<\/p>\n<hr data-start=\"1753\" data-end=\"1756\" \/>\n<h3 data-start=\"1758\" data-end=\"1786\">Regardez le robot GT BOI en Action<\/h3>\n<p data-start=\"1787\" data-end=\"1853\">D\u00e9couvrez l'avenir du nettoyage de piscine sign\u00e9 <strong data-start=\"1837\" data-end=\"1852\">Cash Garden<\/strong>:<\/p>\n<div style=\"position: relative; padding-bottom: 56.25%; height: 0; overflow: hidden; max-width: 100%;\"><iframe style=\"position: absolute; top: 0; left: 0; width: 100%; height: 100%;\" title=\"GT BOI Swimming Pool Cleaning Robot\" src=\"https:\/\/cash-garden.com\/wp-content\/uploads\/2025\/04\/IMG_4362.mp4\" frameborder=\"0\" allowfullscreen=\"allowfullscreen\"><br \/>\n<\/iframe><\/div>\n<hr data-start=\"2202\" data-end=\"2205\" \/>\n<h2 data-start=\"2009\" data-end=\"2051\"><strong data-start=\"2012\" data-end=\"2051\">Pourquoi choisir le duo GT BOI + GT BOI Skimmer ?<\/strong><\/h2>\n<p data-start=\"2053\" data-end=\"2290\">\u2705 Double syst\u00e8me de nettoyage\u00a0: sol, murs, ligne d\u2019eau + surface<br data-start=\"2110\" data-end=\"2113\" \/>\u2705 Sch\u00e9ma de navigation intelligent unique<br data-start=\"2137\" data-end=\"2140\" \/>\u2705 Conception 100\u00a0% sans fil<br data-start=\"2162\" data-end=\"2165\" \/>\u2705 Pilotage par application ou t\u00e9l\u00e9commande<br data-start=\"2192\" data-end=\"2195\" \/>\u2705 Syst\u00e8me Eco - friendly<br data-start=\"2219\" data-end=\"2222\" \/>\u2705 Convient \u00e0 tous les types de piscines<br data-start=\"2251\" data-end=\"2254\" \/>\u2705 Un duo in\u00e9dit sur le march\u00e9<\/p>\n<hr data-start=\"2292\" data-end=\"2295\" \/>\n<p data-start=\"2297\" data-end=\"2494\">Am\u00e9liorez votre routine d\u2019entretien de piscine avec <strong data-start=\"2340\" data-end=\"2367\">GT BOI + GT BOI Skimmer <\/strong>en exclusivit\u00e9 par <strong data-start=\"2385\" data-end=\"2400\">Cash Garden<\/strong>, alliant innovation, simplicit\u00e9 et design.<\/p>\n<p data-start=\"2405\" data-end=\"2536\"><a href=\"https:\/\/cash-garden.com\/fr\/about-gt-boi\/\">Pour d\u00e9couvrir toutes les fonctionnalit\u00e9s et caract\u00e9ristiques, cliquez ici<\/a><\/p>","protected":false},"excerpt":{"rendered":"<p>Meet GT BOI \u2013 the next generation of pool cleaning.<br \/>\nThis intelligent, cordless robotic cleaner takes the hassle out of pool maintenance. Equipped with advanced AI navigation, GT BOI maps and adapts to any pool shape, cleaning the floor, walls, steps, and surface with precision. Its lightweight, compact design makes it easy to handle, and with full app control, you can start, stop, and steer the robot right from your smartphone.<\/p>\n<p>&nbsp;<\/p>","protected":false},"featured_media":1378,"comment_status":"open","ping_status":"closed","template":"","meta":{"_gspb_post_css":"","_uag_custom_page_level_css":""},"product_brand":[47],"product_cat":[49,40],"product_tag":[],"class_list":{"0":"post-1372","1":"product","2":"type-product","3":"status-publish","4":"has-post-thumbnail","6":"product_brand-cash-garden","7":"product_cat-accessories-for-gt-boi","8":"product_cat-under-water-pool-cleaner","10":"first","11":"outofstock","12":"sale","13":"shipping-taxable","14":"purchasable","15":"product-type-yith_bundle"},"uagb_featured_image_src":{"full":["https:\/\/cash-garden.com\/wp-content\/uploads\/2025\/12\/GT-BOI-and-Cash-Garden-Skimmer.png",1080,1080,false],"thumbnail":["https:\/\/cash-garden.com\/wp-content\/uploads\/2025\/12\/GT-BOI-and-Cash-Garden-Skimmer-150x150.png",150,150,true],"medium":["https:\/\/cash-garden.com\/wp-content\/uploads\/2025\/12\/GT-BOI-and-Cash-Garden-Skimmer-300x300.png",300,300,true],"medium_large":["https:\/\/cash-garden.com\/wp-content\/uploads\/2025\/12\/GT-BOI-and-Cash-Garden-Skimmer-768x768.png",768,768,true],"large":["https:\/\/cash-garden.com\/wp-content\/uploads\/2025\/12\/GT-BOI-and-Cash-Garden-Skimmer-1024x1024.png",1024,1024,true],"tf-client-image-size":["https:\/\/cash-garden.com\/wp-content\/uploads\/2025\/12\/GT-BOI-and-Cash-Garden-Skimmer-120x120.png",120,120,true],"1536x1536":["https:\/\/cash-garden.com\/wp-content\/uploads\/2025\/12\/GT-BOI-and-Cash-Garden-Skimmer.png",1080,1080,false],"2048x2048":["https:\/\/cash-garden.com\/wp-content\/uploads\/2025\/12\/GT-BOI-and-Cash-Garden-Skimmer.png",1080,1080,false],"trp-custom-language-flag":["https:\/\/cash-garden.com\/wp-content\/uploads\/2025\/12\/GT-BOI-and-Cash-Garden-Skimmer-12x12.png",12,12,true],"depicter-thumbnail":["https:\/\/cash-garden.com\/wp-content\/uploads\/2025\/12\/GT-BOI-and-Cash-Garden-Skimmer-200x200.png",200,200,true],"woocommerce_thumbnail":["https:\/\/cash-garden.com\/wp-content\/uploads\/2025\/12\/GT-BOI-and-Cash-Garden-Skimmer-300x300.png",300,300,true],"woocommerce_single":["https:\/\/cash-garden.com\/wp-content\/uploads\/2025\/12\/GT-BOI-and-Cash-Garden-Skimmer-600x600.png",600,600,true],"woocommerce_gallery_thumbnail":["https:\/\/cash-garden.com\/wp-content\/uploads\/2025\/12\/GT-BOI-and-Cash-Garden-Skimmer-100x100.png",100,100,true]},"uagb_author_info":{"display_name":"","author_link":"https:\/\/cash-garden.com\/fr\/author\/"},"uagb_comment_info":0,"uagb_excerpt":"Meet GT BOI \u2013 the next generation of pool cleaning. This intelligent, cordless robotic cleaner takes the hassle out of pool maintenance. Equipped with advanced AI navigation, GT BOI maps and adapts to any pool shape, cleaning the floor, walls, steps, and surface with precision. Its lightweight, compact design makes it easy to handle, and\u2026","_links":{"self":[{"href":"https:\/\/cash-garden.com\/fr\/wp-json\/wp\/v2\/product\/1372","targetHints":{"allow":["GET"]}}],"collection":[{"href":"https:\/\/cash-garden.com\/fr\/wp-json\/wp\/v2\/product"}],"about":[{"href":"https:\/\/cash-garden.com\/fr\/wp-json\/wp\/v2\/types\/product"}],"replies":[{"embeddable":true,"href":"https:\/\/cash-garden.com\/fr\/wp-json\/wp\/v2\/comments?post=1372"}],"wp:featuredmedia":[{"embeddable":true,"href":"https:\/\/cash-garden.com\/fr\/wp-json\/wp\/v2\/media\/1378"}],"wp:attachment":[{"href":"https:\/\/cash-garden.com\/fr\/wp-json\/wp\/v2\/media?parent=1372"}],"wp:term":[{"taxonomy":"product_brand","embeddable":true,"href":"https:\/\/cash-garden.com\/fr\/wp-json\/wp\/v2\/product_brand?post=1372"},{"taxonomy":"product_cat","embeddable":true,"href":"https:\/\/cash-garden.com\/fr\/wp-json\/wp\/v2\/product_cat?post=1372"},{"taxonomy":"product_tag","embeddable":true,"href":"https:\/\/cash-garden.com\/fr\/wp-json\/wp\/v2\/product_tag?post=1372"}],"curies":[{"name":"wp","href":"https:\/\/api.w.org\/{rel}","templated":true}]}}