{"id":1214,"date":"2025-09-09T13:55:16","date_gmt":"2025-09-09T13:55:16","guid":{"rendered":"https:\/\/cash-garden.com\/?post_type=product&#038;p=1214"},"modified":"2026-02-06T18:29:13","modified_gmt":"2026-02-06T18:29:13","slug":"cash-garden-skimmer-gt-boi-accessory","status":"publish","type":"product","link":"https:\/\/cash-garden.com\/fr\/produit\/cash-garden-skimmer-gt-boi-accessory\/","title":{"rendered":"Le skimmer de surface GT BOI - l'accessoire parfait pour votre robot de piscine\u00a0sans\u00a0fil\u00a0GT\u00a0BOI"},"content":{"rendered":"<p>&nbsp;<\/p>\n<h1 data-start=\"285\" data-end=\"374\"><strong data-start=\"287\" data-end=\"372\">Le skimmer de surface GT BOI - l'accessoire parfait pour votre robot de piscine\u00a0sans\u00a0fil\u00a0GT\u00a0BOI<\/strong><\/h1>\n<p data-start=\"376\" data-end=\"865\">Avoir une piscine est un grand luxe, mais la garder propre et accueillante peut parfois sembler \u00eatre un travail difficile. Chez Cash Garden, nous croyons que la technologie doit rendre l\u2019entretien de la piscine simple, efficace et sans stress. C\u2019est pourquoi nous avons con\u00e7u le robot de piscine sans fil GT BOI qui g\u00e8re les t\u00e2ches les plus difficiles de votre piscine. \nMaintenant, nous pr\u00e9sentons le Skimmer Cash Garden  \u2013 l\u2019accessoire ultime qui garantit une piscine impeccable du fond du bassin jusqu'\u00e0 la surface de l'eau. <strong data-start=\"627\" data-end=\"667\">GT BOI cordless robotic pool cleaner<\/strong> to handle your pool\u2019s toughest jobs. And now, we\u2019re introducing the <strong data-start=\"736\" data-end=\"759\">Cash Garden Skimmer<\/strong> \u2013 the ultimate accessory that ensures your pool is spotless from the deepest walls to the very surface.<\/p>\n<p data-start=\"867\" data-end=\"1216\">Alors que le GT BOI s\u2019occupe des murs et du sol avec un nettoyage pr\u00e9cis et une aspiration puissante, le Skimmer est sp\u00e9cialis\u00e9 dans le nettoyage de la ligne de flottaison et de la surface de la piscine o\u00f9 les feuilles, les insectes, le pollen et les d\u00e9bris flottants ont tendance \u00e0 se rassembler. Cela en fait le partenaire id\u00e9al pour votre GT BOI, offrant une solution de nettoyage compl\u00e8te et toujours\u00a0sans\u00a0effort. <strong data-start=\"1005\" data-end=\"1035\">waterline and pool surface<\/strong> where leaves, insects, pollen, and floating debris tend to collect. This makes it the perfect partner for your GT BOI, delivering a complete cleaning solution from bottom to top.<\/p>\n<hr data-start=\"1218\" data-end=\"1221\" \/>\n<h2 data-start=\"1223\" data-end=\"1259\"><strong data-start=\"1226\" data-end=\"1257\">Pourquoi vous avez besoin d'un Skimmer?<\/strong><\/h2>\n<p data-start=\"1261\" data-end=\"1614\">M\u00eame lorsque le sol et les murs de votre piscine sont d\u2019une propret\u00e9 \u00e9tincelante, la ligne de flottaison peut souvent \u00eatre n\u00e9glig\u00e9e. Les feuilles, insectes et autres d\u00e9bris flottent jusqu\u2019au sommet et y restent, cr\u00e9ant une couche inesth\u00e9tique qui g\u00e2che la beaut\u00e9 de votre piscine. Sans un nettoyage appropri\u00e9, ces d\u00e9bris de surface peuvent stagner sur la ligne d\u2019eau, obstruer votre filtre et rendre l\u2019eau moins attrayante.<\/p>\n<p data-start=\"1616\" data-end=\"1989\" class=\"translation-block\">C\u2019est l\u00e0 que le Skimmer <strong data-start=\"1633\" data-end=\"1656\">Cash Garden <\/strong>entre en jeu. Con\u00e7u pour se connecter directement \u00e0 votre GT BOI \u00e0 l\u2019aide du c\u00e2ble flottant, le Skimmer glisse sans effort sur la surface, recueillant tous les d\u00e9bris flottants que votre robot peut difficilement atteindre. Avec le Skimmer en action, l\u2019eau de votre piscine semble cristalline et n'a plus rien \u00e0 envier aux bassins des h\u00f4tels 5 \u00e9toiles. N'est-ce pas l\u00e0 le r\u00eave de chaque propri\u00e9taire\u00a0de\u00a0piscine\u00a0?<\/p>\n<hr data-start=\"1991\" data-end=\"1994\" \/>\n<h2 data-start=\"1996\" data-end=\"2036\"><strong data-start=\"1999\" data-end=\"2034\">Une connexion simple, un design intelligent<\/strong><\/h2>\n<p data-start=\"2038\" data-end=\"2433\" class=\"translation-block\">L\u2019un des atouts cl\u00e9s du Skimmer est sa facilit\u00e9 d\u2019utilisation. <strong data-start=\"2113\" data-end=\"2176\"> Il n\u2019y a pas de t\u00e9l\u00e9commande s\u00e9par\u00e9e, pas d\u2019application et pas d\u2019installation compliqu\u00e9e.<\/strong> Connectez simplement le skimmer \u00e0 votre GT BOI en utilisant le c\u00e2ble flottant et il commence instantan\u00e9ment \u00e0 fonctionner lorsque le GT BOI se met en marche. Les deux appareils fonctionnent ensemble, simultan\u00e9ment  \u2013 pendant que le GT BOI nettoie les murs et les sols, le Skimmer s\u2019occupe de la surface.<\/p>\n<p data-start=\"2435\" data-end=\"2707\" class=\"translation-block\">Cette conception simple et efficace vous permet de b\u00e9n\u00e9ficier d'une <strong data-start=\"2491\" data-end=\"2522\"> solution compl\u00e8te de nettoyage de piscine sans avoir \u00e0 g\u00e9rer plusieurs syst\u00e8mes.<\/strong> Chez Cash Garden, nous croyons en une technologie avanc\u00e9e accessible \u00e0 tous ; notre Skimmer en est un parfait\u00a0exemple\u00a0!<\/p>\n<hr data-start=\"2709\" data-end=\"2712\" \/>\n<h2 data-start=\"2714\" data-end=\"2762\"><strong data-start=\"2717\" data-end=\"2760\">Les avantages cl\u00e9s du Skimmer Cash Garden<\/strong><\/h2>\n<ul data-start=\"2764\" data-end=\"3311\">\n<li data-start=\"2764\" data-end=\"2882\">\n<p data-start=\"2766\" data-end=\"2882\"><strong data-start=\"2766\" data-end=\"2790\">Une ligne d'eau parfaite<\/strong> \u2013 Garde la surface de la piscine exempte de d\u00e9bris flottants tels que des feuilles, des insectes et du pollen.<\/p>\n<\/li>\n<li data-start=\"2883\" data-end=\"3004\">\n<p data-start=\"2885\" data-end=\"3004\"><strong data-start=\"2885\" data-end=\"2913\">Syst\u00e8me de nettoyage complet<\/strong> \u2013 Fonctionne en parfaite harmonie avec le GT BOI, couvrant les murs, les sols et  la surface.<\/p>\n<\/li>\n<li data-start=\"3005\" data-end=\"3104\">\n<p data-start=\"3007\" data-end=\"3104\"><strong data-start=\"3007\" data-end=\"3027\">Configuration sans effort<\/strong> \u2013 Rapide et facile \u00e0 connecter, sans besoin de commandes ou d\u2019applications suppl\u00e9mentaires.<\/p>\n<\/li>\n<li data-start=\"3105\" data-end=\"3217\">\n<p data-start=\"3107\" data-end=\"3217\"><strong data-start=\"3107\" data-end=\"3130\">Une eau cristalline<\/strong> \u2013 Offre une piscine visiblement plus propre qui invite \u00e0 tout moment \u00e0 la baignade<\/p>\n<\/li>\n<li data-start=\"3218\" data-end=\"3311\">\n<p data-start=\"3220\" data-end=\"3311\"><strong data-start=\"3220\" data-end=\"3247\">Gain de temps<\/strong> \u2013 Met fin au temps perdu quotidiennement \u00e0 passer\u00a0l'\u00e9puisette<\/p>\n<\/li>\n<\/ul>\n<hr data-start=\"3313\" data-end=\"3316\" \/>\n<h2 data-start=\"3318\" data-end=\"3356\"><strong data-start=\"3321\" data-end=\"3354\">Con\u00e7u pour tous les propri\u00e9taires de piscine<\/strong><\/h2>\n<div style=\"width: 854px;\" class=\"wp-video\"><!--[if lt IE 9]><script>document.createElement('video');<\/script><![endif]-->\n<video class=\"wp-video-shortcode\" id=\"video-1214-1\" width=\"854\" height=\"480\" loop autoplay preload=\"metadata\" controls=\"controls\"><source type=\"video\/mp4\" src=\"https:\/\/cash-garden.com\/wp-content\/uploads\/2025\/09\/GT-BOI-and-Skimmer-cleaning-swimming-pool-by-using-smart-pool-cleaning-technology.mp4?_=1\" \/><source type=\"video\/webm\" src=\"https:\/\/cash-garden.com\/wp-content\/uploads\/2025\/09\/GT-BOI-and-Skimmer-cleaning-swimming-pool-by-using-smart-pool-cleaning-technology.webm?_=1\" \/><a href=\"https:\/\/cash-garden.com\/wp-content\/uploads\/2025\/09\/GT-BOI-and-Skimmer-cleaning-swimming-pool-by-using-smart-pool-cleaning-technology.mp4\">https:\/\/cash-garden.com\/wp-content\/uploads\/2025\/09\/GT-BOI-and-Skimmer-cleaning-swimming-pool-by-using-smart-pool-cleaning-technology.mp4<\/a><\/video><\/div>\n<p data-start=\"3358\" data-end=\"3705\" class=\"translation-block\">Que vous utilisiez votre piscine quotidiennement ou simplement le week-end, la garder propre ne devrait jamais \u00eatre un fardeau. Le Skimmer Cash Garden est id\u00e9al pour tous les types de piscine o\u00f9 les d\u00e9bris flottants peuvent s\u2019accumuler rapidement. Il vous permet d\u2019\u00e9conomiser du temps et de l\u2019\u00e9nergie, en veillant \u00e0 ce que votre piscine soit toujours impeccable, sans effort.<\/p>\n<p data-start=\"3707\" data-end=\"3925\" class=\"translation-block\">Avec son design simple, le Skimmer est non seulement efficace mais aussi durable et fiable, tout comme le robot GT BOI lui-m\u00eame. Ensemble, ils forment une \u00e9quipe imbattable alliant efficacit\u00e9\u00a0et\u00a0ergonomie.<\/p>\n<hr data-start=\"3927\" data-end=\"3930\" \/>\n<h2 data-start=\"3932\" data-end=\"3964\"><strong data-start=\"3935\" data-end=\"3962\">Pourquoi choisir Cash Garden?<\/strong><\/h2>\n<p data-start=\"3966\" data-end=\"4226\" class=\"translation-block\">Cash Garden est une entreprise fond\u00e9e sur <strong data-start=\"4000\" data-end=\"4064\">l\u2019innovation, la simplicit\u00e9, l\u2019excellence fran\u00e7aise et l\u2019esprit de famille<\/strong>. Nous ne faisons pas seulement des robots nettoyeurs de piscine \u2013 nous concevons des solutions qui apportent tranquillit\u00e9 d\u2019esprit, gain de temps et permettent aux familles de profiter de leurs piscines sans stress ni effort.<\/p>\n<p data-start=\"4228\" data-end=\"4531\" class=\"translation-block\">La GT BOI est d\u00e9j\u00e0 r\u00e9put\u00e9 pour sa capacit\u00e9 \u00e0 nettoyer sans fil, sans effort et intelligemment. En ajoutant l\u2019accessoire Skimmer, vous optimisez votre  solution de nettoyage de piscine et profitez d'une efficacit\u00e9 compl\u00e8te \u00e0 360\u00b0 . Du fond de votre piscine au sommet de la ligne de flottaison, Cash Garden s'occupe\u00a0de\u00a0tout<\/p>","protected":false},"excerpt":{"rendered":"<p data-start=\"709\" data-end=\"1046\"><strong data-start=\"709\" data-end=\"764\">Compl\u00e9tez votre dispositif de nettoyage avec le skimmer de surface GT BOI.<\/strong><\/p>\n<p data-start=\"709\" data-end=\"1046\"><br data-start=\"764\" data-end=\"767\" \/>Passez au niveau sup\u00e9rieur de l'entretien de votre piscine avec le skimmer de surface GT BOI, le partenaire officiel de votre robot GT BOI pour un nettoyage 2 en 1.\nCon\u00e7u pour travailler en \u00e9quipe avec le robot GT BOI, le skimmer nettoie la surface de l'eau pendant que le robot GT BOI s'occupe du fond et des parois de votre bassin.<\/p>","protected":false},"featured_media":1217,"comment_status":"open","ping_status":"closed","template":"","meta":{"_gspb_post_css":"","_uag_custom_page_level_css":""},"product_brand":[47],"product_cat":[49],"product_tag":[],"class_list":{"0":"post-1214","1":"product","2":"type-product","3":"status-publish","4":"has-post-thumbnail","6":"product_brand-cash-garden","7":"product_cat-accessories-for-gt-boi","9":"first","10":"outofstock","11":"shipping-taxable","12":"purchasable","13":"product-type-simple"},"uagb_featured_image_src":{"full":["https:\/\/cash-garden.com\/wp-content\/uploads\/2025\/09\/Swimming-Pool-Cleaning-Robot-Cleans-Surface-by-Cash-Garden.png",1080,1080,false],"thumbnail":["https:\/\/cash-garden.com\/wp-content\/uploads\/2025\/09\/Swimming-Pool-Cleaning-Robot-Cleans-Surface-by-Cash-Garden-150x150.png",150,150,true],"medium":["https:\/\/cash-garden.com\/wp-content\/uploads\/2025\/09\/Swimming-Pool-Cleaning-Robot-Cleans-Surface-by-Cash-Garden-300x300.png",300,300,true],"medium_large":["https:\/\/cash-garden.com\/wp-content\/uploads\/2025\/09\/Swimming-Pool-Cleaning-Robot-Cleans-Surface-by-Cash-Garden-768x768.png",768,768,true],"large":["https:\/\/cash-garden.com\/wp-content\/uploads\/2025\/09\/Swimming-Pool-Cleaning-Robot-Cleans-Surface-by-Cash-Garden-1024x1024.png",1024,1024,true],"tf-client-image-size":["https:\/\/cash-garden.com\/wp-content\/uploads\/2025\/09\/Swimming-Pool-Cleaning-Robot-Cleans-Surface-by-Cash-Garden-120x120.png",120,120,true],"1536x1536":["https:\/\/cash-garden.com\/wp-content\/uploads\/2025\/09\/Swimming-Pool-Cleaning-Robot-Cleans-Surface-by-Cash-Garden.png",1080,1080,false],"2048x2048":["https:\/\/cash-garden.com\/wp-content\/uploads\/2025\/09\/Swimming-Pool-Cleaning-Robot-Cleans-Surface-by-Cash-Garden.png",1080,1080,false],"trp-custom-language-flag":["https:\/\/cash-garden.com\/wp-content\/uploads\/2025\/09\/Swimming-Pool-Cleaning-Robot-Cleans-Surface-by-Cash-Garden-12x12.png",12,12,true],"depicter-thumbnail":["https:\/\/cash-garden.com\/wp-content\/uploads\/2025\/09\/Swimming-Pool-Cleaning-Robot-Cleans-Surface-by-Cash-Garden-200x200.png",200,200,true],"woocommerce_thumbnail":["https:\/\/cash-garden.com\/wp-content\/uploads\/2025\/09\/Swimming-Pool-Cleaning-Robot-Cleans-Surface-by-Cash-Garden-300x300.png",300,300,true],"woocommerce_single":["https:\/\/cash-garden.com\/wp-content\/uploads\/2025\/09\/Swimming-Pool-Cleaning-Robot-Cleans-Surface-by-Cash-Garden-600x600.png",600,600,true],"woocommerce_gallery_thumbnail":["https:\/\/cash-garden.com\/wp-content\/uploads\/2025\/09\/Swimming-Pool-Cleaning-Robot-Cleans-Surface-by-Cash-Garden-100x100.png",100,100,true]},"uagb_author_info":{"display_name":"","author_link":"https:\/\/cash-garden.com\/fr\/author\/"},"uagb_comment_info":0,"uagb_excerpt":"Complete Pool Cleaning with the Cash Garden Skimmer. Take your pool maintenance to the next level with the Skimmer \u2013 the official accessory for the GT BOI cordless swimming pool cleaner. Designed to work seamlessly with your GT BOI, the Skimmer cleans the surface and waterline while your GT BOI takes care of the walls\u2026","_links":{"self":[{"href":"https:\/\/cash-garden.com\/fr\/wp-json\/wp\/v2\/product\/1214","targetHints":{"allow":["GET"]}}],"collection":[{"href":"https:\/\/cash-garden.com\/fr\/wp-json\/wp\/v2\/product"}],"about":[{"href":"https:\/\/cash-garden.com\/fr\/wp-json\/wp\/v2\/types\/product"}],"replies":[{"embeddable":true,"href":"https:\/\/cash-garden.com\/fr\/wp-json\/wp\/v2\/comments?post=1214"}],"wp:featuredmedia":[{"embeddable":true,"href":"https:\/\/cash-garden.com\/fr\/wp-json\/wp\/v2\/media\/1217"}],"wp:attachment":[{"href":"https:\/\/cash-garden.com\/fr\/wp-json\/wp\/v2\/media?parent=1214"}],"wp:term":[{"taxonomy":"product_brand","embeddable":true,"href":"https:\/\/cash-garden.com\/fr\/wp-json\/wp\/v2\/product_brand?post=1214"},{"taxonomy":"product_cat","embeddable":true,"href":"https:\/\/cash-garden.com\/fr\/wp-json\/wp\/v2\/product_cat?post=1214"},{"taxonomy":"product_tag","embeddable":true,"href":"https:\/\/cash-garden.com\/fr\/wp-json\/wp\/v2\/product_tag?post=1214"}],"curies":[{"name":"wp","href":"https:\/\/api.w.org\/{rel}","templated":true}]}}