{"id":942,"date":"2025-04-03T11:38:37","date_gmt":"2025-04-03T11:38:37","guid":{"rendered":"https:\/\/cash-garden.com\/?page_id=942"},"modified":"2026-02-04T17:46:37","modified_gmt":"2026-02-04T17:46:37","slug":"about","status":"publish","type":"page","link":"https:\/\/cash-garden.com\/fr\/about\/","title":{"rendered":"About Us"},"content":{"rendered":"<div class=\"wp-block-kadence-column kadence-column942_94abb7-ea inner-column-1\"><div class=\"kt-inside-inner-col\">\n<div style=\"height:100px\" aria-hidden=\"true\" class=\"wp-block-spacer\"><\/div>\n\n\n\n<h1 class=\"kt-adv-heading942_080a0a-36 wp-block-kadence-advancedheading has-theme-palette-3-color has-text-color\" data-kb-block=\"kb-adv-heading942_080a0a-36\"><strong>Notre histoire : un constat simple, une grande id\u00e9e<\/strong><\/h1>\n\n\n\n<p class=\"has-text-align-center has-sm-font-size has-theme-palette-5-color has-text-color has-link-color wp-elements-7d173fd43d86624ddc432f46f0092fd1\">L\u2019aventure Cash Garden commence par une observation simple mais puissante qui r\u00e9sonne chez tous ceux qui aiment la vie en plein air : passer du temps dehors est un vrai plaisir mais entretenir son espace ext\u00e9rieur ne doit pas devenir une corv\u00e9e qui vous emp\u00eache d\u2019en profiter <em>.<\/em><\/p>\n\n\n\n<div style=\"height:100px\" aria-hidden=\"true\" class=\"wp-block-spacer\"><\/div>\n<\/div><\/div>\n\n\n<div class=\"kb-row-layout-wrap kb-row-layout-id942_75c1f2-68 alignfull kt-row-has-bg wp-block-kadence-rowlayout\"><div class=\"kt-row-layout-overlay kt-row-overlay-normal\"><\/div><div class=\"kt-row-column-wrap kt-has-1-columns kt-row-layout-equal kt-tab-layout-inherit kt-mobile-layout-row kt-row-valign-top kb-theme-content-width\">\n\n<div class=\"wp-block-kadence-column kadence-column942_e491f1-49\"><div class=\"kt-inside-inner-col\"><div class=\"kb-row-layout-wrap kb-row-layout-id942_b0809d-43 alignnone wp-block-kadence-rowlayout\"><div class=\"kt-row-column-wrap kt-has-1-columns kt-row-layout-equal kt-tab-layout-inherit kt-mobile-layout-row kt-row-valign-top\">\n\n<div class=\"wp-block-kadence-column kadence-column942_75e17f-00\"><div class=\"kt-inside-inner-col\">\n<div class=\"wp-block-uagb-advanced-heading uagb-block-cce1a4a7\"><h2 class=\"uagb-heading-text\"><strong>Cash Garden : quand l\u2019innovation rencontre la vie en\u00a0plein\u00a0air<\/strong><\/h2><\/div>\n\n\n\n<div style=\"height:100px\" aria-hidden=\"true\" class=\"wp-block-spacer\"><\/div>\n\n\n\n<div class=\"wp-block-kadence-advancedbtn kb-buttons-wrap kb-btns942_b7ea4f-0b\"><a class=\"kb-button kt-button button kb-btn942_e3ff16-00 kt-btn-size-standard kt-btn-width-type-auto kb-btn-global-fill  kt-btn-has-text-false kt-btn-has-svg-true  ktblocksvideopop wp-block-kadence-singlebtn\" href=\"https:\/\/www.youtube.com\/watch?v=TtXsifmGTK4\" rel=\"noopener\"><span class=\"kb-svg-icon-wrap kb-svg-icon-fas_play kt-btn-icon-side-right\"><svg viewbox=\"0 0 448 512\"  fill=\"currentColor\" xmlns=\"http:\/\/www.w3.org\/2000\/svg\"  aria-hidden=\"true\"><path d=\"M424.4 214.7L72.4 6.6C43.8-10.3 0 6.1 0 47.9V464c0 37.5 40.7 60.1 72.4 41.3l352-208c31.4-18.5 31.5-64.1 0-82.6z\"\/><\/svg><\/span><\/a><\/div>\n<\/div><\/div>\n\n<\/div><\/div><\/div><\/div>\n\n<\/div><\/div>\n\n<div class=\"kb-row-layout-wrap kb-row-layout-id942_5e3bb3-a6 alignfull has-theme-palette8-background-color kt-row-has-bg wp-block-kadence-rowlayout\"><div class=\"kt-row-column-wrap kt-has-1-columns kt-row-layout-equal kt-tab-layout-inherit kt-mobile-layout-row kt-row-valign-top\">\n\n<div class=\"wp-block-kadence-column kadence-column942_ff0385-cd\"><div class=\"kt-inside-inner-col\"><div class=\"kb-row-layout-wrap kb-row-layout-id942_e8c342-28 alignnone wp-block-kadence-rowlayout\"><div class=\"kt-row-column-wrap kt-has-2-columns kt-row-layout-left-golden kt-tab-layout-row kt-mobile-layout-row kt-row-valign-top\">\n\n<div class=\"wp-block-kadence-column kadence-column942_221181-5d\"><div class=\"kt-inside-inner-col\">\n<h2 class=\"kt-adv-heading942_45f863-a6 wp-block-kadence-advancedheading has-theme-palette-3-color has-text-color\" data-kb-block=\"kb-adv-heading942_45f863-a6\"><strong>Transformer l\u2019entretien des piscines : rencontrez la r\u00e9volution\u00a0Cash\u00a0Garden<\/strong><\/h2>\n\n\n\n<p class=\"kt-adv-heading942_bcfd46-b9 wp-block-kadence-advancedheading has-theme-palette-3-color has-text-color\" data-kb-block=\"kb-adv-heading942_bcfd46-b9\"><em>Chez Cash Garden, nous pensons que l\u2019entretien de notre espace ext\u00e9rieur doit \u00eatre sans effort et agr\u00e9able. Notre voyage a commenc\u00e9 pas un constat assez simple : passer du temps dehors est un vrai plaisir mais entretenir son ext\u00e9rieur ne doit pas se faire au d\u00e9triment de notre temps libre \u00e0 en profiter.\nC\u2019est pourquoi nous avons cr\u00e9\u00e9 le GT BOI, un robot nettoyeur de piscine sans fil r\u00e9volutionnaire, con\u00e7u pour simplifier l\u2019entretien de votre piscine afin que vous puissiez vous concentrer sur ce qui compte vraiment : profiter de la vie avec votre famille\u00a0et\u00a0vos\u00a0amis.<\/em><\/p>\n<\/div><\/div>\n\n\n\n<div class=\"wp-block-kadence-column kadence-column942_3055b6-4f kvs-md-false kvs-sm-false\"><div class=\"kt-inside-inner-col\"><\/div><\/div>\n\n<\/div><\/div>\n\n<div class=\"kb-row-layout-wrap kb-row-layout-id942_2794c6-40 alignnone wp-block-kadence-rowlayout\"><div class=\"kt-row-column-wrap kt-has-2-columns kt-row-layout-equal kt-tab-layout-row kt-mobile-layout-row kt-row-valign-top kb-theme-content-width\">\n\n<div class=\"wp-block-kadence-column kadence-column942_7b6f78-89\"><div class=\"kt-inside-inner-col\">\n<figure class=\"wp-block-kadence-image kb-image942_ec182a-60 size-large kb-image-is-ratio-size\"><div class=\"kb-is-ratio-image kb-image-ratio-land43\"><img loading=\"lazy\" decoding=\"async\" width=\"768\" height=\"1024\" src=\"https:\/\/cash-garden.com\/wp-content\/uploads\/2025\/01\/IMG-20250112-WA0009-768x1024.jpg\" alt=\"\" class=\"kb-img wp-image-32\" srcset=\"https:\/\/cash-garden.com\/wp-content\/uploads\/2025\/01\/IMG-20250112-WA0009-768x1024.jpg 768w, https:\/\/cash-garden.com\/wp-content\/uploads\/2025\/01\/IMG-20250112-WA0009-225x300.jpg 225w, https:\/\/cash-garden.com\/wp-content\/uploads\/2025\/01\/IMG-20250112-WA0009-1152x1536.jpg 1152w, https:\/\/cash-garden.com\/wp-content\/uploads\/2025\/01\/IMG-20250112-WA0009-9x12.jpg 9w, https:\/\/cash-garden.com\/wp-content\/uploads\/2025\/01\/IMG-20250112-WA0009-200x267.jpg 200w, https:\/\/cash-garden.com\/wp-content\/uploads\/2025\/01\/IMG-20250112-WA0009.jpg 1200w\" sizes=\"auto, (max-width: 768px) 100vw, 768px\" \/><\/div><\/figure>\n<\/div><\/div>\n\n\n\n<div class=\"wp-block-kadence-column kadence-column942_04335b-4a\"><div class=\"kt-inside-inner-col\">\n<h3 class=\"kt-adv-heading942_256552-cc wp-block-kadence-advancedheading has-theme-palette-3-color has-text-color\" data-kb-block=\"kb-adv-heading942_256552-cc\"><strong>GT BOI : votre alli\u00e9 pour une piscine impeccable \u00e0 tout moment,\u00a0sans\u00a0effort<\/strong><\/h3>\n\n\n\n<p class=\"kt-adv-heading942_038504-b8 wp-block-kadence-advancedheading has-theme-palette-3-color has-text-color\" data-kb-block=\"kb-adv-heading942_038504-b8\"><em>Le GT BOI r\u00e9volutionne le nettoyage de votre piscine avec sa technologie sans fil et t son fonctionnement autonome.\nPlus besoin de d\u00e9rouler un c\u00e2ble sans fin, il suffit de le placer dans l\u2019eau, de le d\u00e9marrer avec votre t\u00e9l\u00e9phone ou sa t\u00e9l\u00e9commande et de le laisser travailler.\nGr\u00e2ce \u00e0 une technologie de navigation avanc\u00e9e, il nettoie chaque recoin de votre piscine efficacement, comme vous l\u2019auriez fait. \nLorsqu\u2019il a fini de travailler, il vient se garer et remonte tout seul \u00e0 la surface de l\u2019eau pour un retrait sans effort. \nPendant ce temps, vous \u00eates libres de profiter de votre oasis\u00a0ext\u00e9rieure.<\/em><\/p>\n\n\n\n<div class=\"wp-block-buttons is-layout-flex wp-block-buttons-is-layout-flex\">\n<div class=\"wp-block-button\"><a class=\"wp-block-button__link wp-element-button\" href=\"https:\/\/cash-garden.com\/fr\/produit\/gt-boi-the-ultimate-pool-cleaning-robot\/\"><strong>D\u00e9couvrez le GT BOI d\u00e8s aujourd\u2019hui<\/strong><\/a><\/div>\n<\/div>\n<\/div><\/div>\n\n<\/div><\/div><\/div><\/div>\n\n<\/div><\/div>\n\n\n<div style=\"height:100px\" aria-hidden=\"true\" class=\"wp-block-spacer\"><\/div>","protected":false},"excerpt":{"rendered":"<p>Our Story: A Simple Observation, A Big Idea At Cash Garden, our journey began with a simple yet powerful observation that resonates with everyone who loves outdoor living: spending time outdoors is a joy\u2014but maintaining it shouldn\u2019t take away from your free time. Cash Garden: Where Innovation Meets Outdoor Living Transforming Pool Maintenance: Meet Cash [&hellip;]<\/p>","protected":false},"author":1,"featured_media":898,"parent":0,"menu_order":0,"comment_status":"closed","ping_status":"closed","template":"page-no-title","meta":{"_gspb_post_css":"","_uag_custom_page_level_css":"","footnotes":""},"class_list":["post-942","page","type-page","status-publish","has-post-thumbnail","hentry"],"uagb_featured_image_src":{"full":["https:\/\/cash-garden.com\/wp-content\/uploads\/2025\/04\/CG-1080-x-1080-px-1080-x-1920-px.png",1920,1080,false],"thumbnail":["https:\/\/cash-garden.com\/wp-content\/uploads\/2025\/04\/CG-1080-x-1080-px-1080-x-1920-px-150x150.png",150,150,true],"medium":["https:\/\/cash-garden.com\/wp-content\/uploads\/2025\/04\/CG-1080-x-1080-px-1080-x-1920-px-300x169.png",300,169,true],"medium_large":["https:\/\/cash-garden.com\/wp-content\/uploads\/2025\/04\/CG-1080-x-1080-px-1080-x-1920-px-768x432.png",768,432,true],"large":["https:\/\/cash-garden.com\/wp-content\/uploads\/2025\/04\/CG-1080-x-1080-px-1080-x-1920-px-1024x576.png",1024,576,true],"tf-client-image-size":["https:\/\/cash-garden.com\/wp-content\/uploads\/2025\/04\/CG-1080-x-1080-px-1080-x-1920-px-120x120.png",120,120,true],"1536x1536":["https:\/\/cash-garden.com\/wp-content\/uploads\/2025\/04\/CG-1080-x-1080-px-1080-x-1920-px-1536x864.png",1536,864,true],"2048x2048":["https:\/\/cash-garden.com\/wp-content\/uploads\/2025\/04\/CG-1080-x-1080-px-1080-x-1920-px.png",1920,1080,false],"trp-custom-language-flag":["https:\/\/cash-garden.com\/wp-content\/uploads\/2025\/04\/CG-1080-x-1080-px-1080-x-1920-px-18x10.png",18,10,true],"depicter-thumbnail":["https:\/\/cash-garden.com\/wp-content\/uploads\/2025\/04\/CG-1080-x-1080-px-1080-x-1920-px.png",200,113,false],"woocommerce_thumbnail":["https:\/\/cash-garden.com\/wp-content\/uploads\/2025\/04\/CG-1080-x-1080-px-1080-x-1920-px-300x300.png",300,300,true],"woocommerce_single":["https:\/\/cash-garden.com\/wp-content\/uploads\/2025\/04\/CG-1080-x-1080-px-1080-x-1920-px.png",600,338,false],"woocommerce_gallery_thumbnail":["https:\/\/cash-garden.com\/wp-content\/uploads\/2025\/04\/CG-1080-x-1080-px-1080-x-1920-px-100x100.png",100,100,true]},"uagb_author_info":{"display_name":"","author_link":"https:\/\/cash-garden.com\/fr\/author\/cashgardencompanygmail-com\/"},"uagb_comment_info":0,"uagb_excerpt":"Our Story: A Simple Observation, A Big Idea At Cash Garden, our journey began with a simple yet powerful observation that resonates with everyone who loves outdoor living: spending time outdoors is a joy\u2014but maintaining it shouldn\u2019t take away from your free time. Cash Garden: Where Innovation Meets Outdoor Living Transforming Pool Maintenance: Meet Cash\u2026","_links":{"self":[{"href":"https:\/\/cash-garden.com\/fr\/wp-json\/wp\/v2\/pages\/942","targetHints":{"allow":["GET"]}}],"collection":[{"href":"https:\/\/cash-garden.com\/fr\/wp-json\/wp\/v2\/pages"}],"about":[{"href":"https:\/\/cash-garden.com\/fr\/wp-json\/wp\/v2\/types\/page"}],"author":[{"embeddable":true,"href":"https:\/\/cash-garden.com\/fr\/wp-json\/wp\/v2\/users\/1"}],"replies":[{"embeddable":true,"href":"https:\/\/cash-garden.com\/fr\/wp-json\/wp\/v2\/comments?post=942"}],"version-history":[{"count":20,"href":"https:\/\/cash-garden.com\/fr\/wp-json\/wp\/v2\/pages\/942\/revisions"}],"predecessor-version":[{"id":1121,"href":"https:\/\/cash-garden.com\/fr\/wp-json\/wp\/v2\/pages\/942\/revisions\/1121"}],"wp:featuredmedia":[{"embeddable":true,"href":"https:\/\/cash-garden.com\/fr\/wp-json\/wp\/v2\/media\/898"}],"wp:attachment":[{"href":"https:\/\/cash-garden.com\/fr\/wp-json\/wp\/v2\/media?parent=942"}],"curies":[{"name":"wp","href":"https:\/\/api.w.org\/{rel}","templated":true}]}}