{"id":1492,"date":"2026-02-20T11:29:03","date_gmt":"2026-02-20T11:29:03","guid":{"rendered":"https:\/\/cash-garden.com\/?page_id=1492"},"modified":"2026-02-20T11:45:21","modified_gmt":"2026-02-20T11:45:21","slug":"legal-notice","status":"publish","type":"page","link":"https:\/\/cash-garden.com\/fr\/legal-notice\/","title":{"rendered":"Mentions l\u00e9gales"},"content":{"rendered":"<div style=\"height:100px\" aria-hidden=\"true\" class=\"wp-block-spacer\"><\/div>\n\n\n\n<div class=\"wp-block-group has-global-padding is-layout-constrained wp-block-group-is-layout-constrained\"><h1 class=\"wp-block-heading\" id=\"legal-notice-1\">Mentions l\u00e9gales<\/h1>\n\n\n\n<p class=\"translation-block\">\u00c9diteur du site\nCASH GARDEN\nSoci\u00e9t\u00e9 par actions simplifi\u00e9e (SAS)\nCapital social : 1 000 \u20ac\nSi\u00e8ge social : 15 rue Bellevue Nouvelle Construction, 69740 Genas, France\nRCS Lyon 942 663 725\nTVA intracommunautaire : FR6901942663725\nEmail : contact@cash-garden.com<\/p>\n\n\n\n<p class=\"translation-block\">Directeur de la publication\nFabien Fayard, Pr\u00e9sident<\/p>\n\n\n\n<p>H\u00e9bergement<br>Le site est h\u00e9berg\u00e9 par : Hostinger<br>Adresse: France<br>T\u00e9l\u00e9phone : Null<br><br><br><\/p>\n\n\n\n<p class=\"translation-block\">Objet du site\nLe site est un site vitrine pr\u00e9sentant l\u2019activit\u00e9 de la soci\u00e9t\u00e9 CASH GARDEN. Il ne propose pas de vente en ligne.<\/p>\n\n\n\n<p class=\"translation-block\">Donn\u00e9es personnelles\nLes donn\u00e9es collect\u00e9es via le formulaire de contact (nom, email, message) sont utilis\u00e9es uniquement pour r\u00e9pondre aux demandes des utilisateurs. Elles sont conserv\u00e9es pendant une dur\u00e9e maximale de 24 mois.\nConform\u00e9ment au R\u00e8glement G\u00e9n\u00e9ral sur la Protection des Donn\u00e9es (RGPD), vous disposez d\u2019un droit d\u2019acc\u00e8s, de rectification et de suppression des donn\u00e9es vous concernant. Ces droits peuvent \u00eatre exerc\u00e9s en \u00e9crivant \u00e0 : contact@cash-garden.com.<\/p>\n<\/div>\n\n\n\n<div style=\"height:100px\" aria-hidden=\"true\" class=\"wp-block-spacer\"><\/div>","protected":false},"excerpt":{"rendered":"<p>Legal Notice Website publisherCASH GARDENSimplified joint-stock company (SAS)Share capital: \u20ac1,000Registered office: 15 rue Bellevue Nouvelle Construction, 69740 Genas, FranceRegistered with the Lyon Trade and Companies Register under number 942 663 725VAT number: FR6901942663725Email: contact@cash-garden.com Publication directorFabien Fayard, President Hosting providerThe website is hosted by: HostingerAddress: FrancePhone number: Null Website purposeThis website is a showcase website [&hellip;]<\/p>","protected":false},"author":1,"featured_media":0,"parent":0,"menu_order":0,"comment_status":"closed","ping_status":"closed","template":"","meta":{"_gspb_post_css":"","_uag_custom_page_level_css":"","footnotes":""},"class_list":["post-1492","page","type-page","status-publish","hentry"],"uagb_featured_image_src":{"full":false,"thumbnail":false,"medium":false,"medium_large":false,"large":false,"tf-client-image-size":false,"1536x1536":false,"2048x2048":false,"trp-custom-language-flag":false,"depicter-thumbnail":false,"woocommerce_thumbnail":false,"woocommerce_single":false,"woocommerce_gallery_thumbnail":false},"uagb_author_info":{"display_name":"","author_link":"https:\/\/cash-garden.com\/fr\/author\/cashgardencompanygmail-com\/"},"uagb_comment_info":0,"uagb_excerpt":"Legal Notice Website publisherCASH GARDENSimplified joint-stock company (SAS)Share capital: \u20ac1,000Registered office: 15 rue Bellevue Nouvelle Construction, 69740 Genas, FranceRegistered with the Lyon Trade and Companies Register under number 942 663 725VAT number: FR6901942663725Email: contact@cash-garden.com Publication directorFabien Fayard, President Hosting providerThe website is hosted by: HostingerAddress: FrancePhone number: Null Website purposeThis website is a showcase website\u2026","_links":{"self":[{"href":"https:\/\/cash-garden.com\/fr\/wp-json\/wp\/v2\/pages\/1492","targetHints":{"allow":["GET"]}}],"collection":[{"href":"https:\/\/cash-garden.com\/fr\/wp-json\/wp\/v2\/pages"}],"about":[{"href":"https:\/\/cash-garden.com\/fr\/wp-json\/wp\/v2\/types\/page"}],"author":[{"embeddable":true,"href":"https:\/\/cash-garden.com\/fr\/wp-json\/wp\/v2\/users\/1"}],"replies":[{"embeddable":true,"href":"https:\/\/cash-garden.com\/fr\/wp-json\/wp\/v2\/comments?post=1492"}],"version-history":[{"count":7,"href":"https:\/\/cash-garden.com\/fr\/wp-json\/wp\/v2\/pages\/1492\/revisions"}],"predecessor-version":[{"id":1501,"href":"https:\/\/cash-garden.com\/fr\/wp-json\/wp\/v2\/pages\/1492\/revisions\/1501"}],"wp:attachment":[{"href":"https:\/\/cash-garden.com\/fr\/wp-json\/wp\/v2\/media?parent=1492"}],"curies":[{"name":"wp","href":"https:\/\/api.w.org\/{rel}","templated":true}]}}